{"id":1784,"date":"2025-09-30T17:26:59","date_gmt":"2025-09-30T15:26:59","guid":{"rendered":"https:\/\/izeaactive.com\/?page_id=1784"},"modified":"2025-09-30T17:30:10","modified_gmt":"2025-09-30T15:30:10","slug":"cuidado-de-tus-prendas","status":"publish","type":"page","link":"https:\/\/izeaactive.com\/index.php\/cuidado-de-tus-prendas\/","title":{"rendered":"Cuidado de tus prendas"},"content":{"rendered":"\t\t<div data-elementor-type=\"wp-page\" data-elementor-id=\"1784\" class=\"elementor elementor-1784\" data-elementor-post-type=\"page\">\n\t\t\t\t<div class=\"elementor-element elementor-element-8371b59 e-flex e-con-boxed e-con e-parent\" data-id=\"8371b59\" data-element_type=\"container\" data-e-type=\"container\">\n\t\t\t\t\t<div class=\"e-con-inner\">\n\t\t<div class=\"elementor-element elementor-element-d47b63f e-con-full e-flex e-con e-child\" data-id=\"d47b63f\" data-element_type=\"container\" data-e-type=\"container\">\n\t\t\t\t<div class=\"elementor-element elementor-element-2095fbf elementor-widget elementor-widget-heading\" data-id=\"2095fbf\" data-element_type=\"widget\" data-e-type=\"widget\" data-widget_type=\"heading.default\">\n\t\t\t\t\t<h2 class=\"elementor-heading-title elementor-size-default\">Cuidado de tus prendas IZEA ACTIVE<\/h2>\t\t\t\t<\/div>\n\t\t\t\t<div class=\"elementor-element elementor-element-4e30412 elementor-widget elementor-widget-text-editor\" data-id=\"4e30412\" data-element_type=\"widget\" data-e-type=\"widget\" data-widget_type=\"text-editor.default\">\n\t\t\t\t\t\t\t\t\t<p data-start=\"316\" data-end=\"559\">En <strong data-start=\"319\" data-end=\"334\">IZEA ACTIVE<\/strong> dise\u00f1amos nuestras prendas con tecnolog\u00eda textil pensada para acompa\u00f1arte en tus entrenamientos y en tu d\u00eda a d\u00eda. Para que conserven su forma, color y rendimiento por m\u00e1s tiempo, te recomendamos seguir estas indicaciones:<\/p><h3 data-start=\"561\" data-end=\"591\">\u2714\ufe0f Lo que s\u00ed debes hacer<\/h3><ul data-start=\"592\" data-end=\"908\"><li data-start=\"592\" data-end=\"651\"><p data-start=\"594\" data-end=\"651\">Lava tus prendas a mano o en ciclo suave con agua fr\u00eda.<\/p><\/li><li data-start=\"652\" data-end=\"723\"><p data-start=\"654\" data-end=\"723\">Utiliza jabones neutros o suaves, sin blanqueadores ni suavizantes.<\/p><\/li><li data-start=\"724\" data-end=\"771\"><p data-start=\"726\" data-end=\"771\">S\u00e9calas a la sombra, en un lugar ventilado.<\/p><\/li><li data-start=\"772\" data-end=\"830\"><p data-start=\"774\" data-end=\"830\">Lava las prendas por separado o con colores similares.<\/p><\/li><li data-start=\"831\" data-end=\"908\"><p data-start=\"833\" data-end=\"908\">Voltea las prendas antes de lavarlas para proteger estampados y detalles.<\/p><\/li><\/ul><h3 data-start=\"910\" data-end=\"939\">\u274c Lo que NO debes hacer<\/h3><ul data-start=\"940\" data-end=\"1182\"><li data-start=\"940\" data-end=\"996\"><p data-start=\"942\" data-end=\"996\">No uses cloro, blanqueadores ni detergentes fuertes.<\/p><\/li><li data-start=\"997\" data-end=\"1058\"><p data-start=\"999\" data-end=\"1058\">No frotes las prendas con cepillos o superficies \u00e1speras.<\/p><\/li><li data-start=\"1059\" data-end=\"1123\"><p data-start=\"1061\" data-end=\"1123\">No uses secadora, ya que el calor puede deformar las fibras.<\/p><\/li><li data-start=\"1124\" data-end=\"1182\"><p data-start=\"1126\" data-end=\"1182\">No planches directamente sobre estampados o el\u00e1sticos.<\/p><\/li><\/ul><h3 data-start=\"1184\" data-end=\"1211\">Extra Tip IZEA ACTIVE<\/h3><p data-start=\"1212\" data-end=\"1379\">Despu\u00e9s de entrenar, evita dejar la ropa h\u00fameda dentro de bolsos por mucho tiempo. Esto prolonga su vida \u00fatil y mantiene sus propiedades de transpiraci\u00f3n y frescura.<\/p>\t\t\t\t\t\t\t\t<\/div>\n\t\t\t\t<\/div>\n\t\t\t\t\t<\/div>\n\t\t\t\t<\/div>\n\t\t\t\t<\/div>\n\t\t","protected":false},"excerpt":{"rendered":"<p>Cuidado de tus prendas IZEA ACTIVE En IZEA ACTIVE dise\u00f1amos nuestras prendas con tecnolog\u00eda textil pensada para acompa\u00f1arte en tus entrenamientos y en tu d\u00eda a d\u00eda. Para que conserven su forma, color y rendimiento por m\u00e1s tiempo, te recomendamos seguir estas indicaciones: \u2714\ufe0f Lo que s\u00ed debes hacer Lava tus prendas a mano o [&hellip;]<\/p>\n","protected":false},"author":1,"featured_media":0,"parent":0,"menu_order":0,"comment_status":"closed","ping_status":"closed","template":"elementor_header_footer","meta":{"_joinchat":[],"footnotes":""},"class_list":["post-1784","page","type-page","status-publish","hentry"],"_links":{"self":[{"href":"https:\/\/izeaactive.com\/index.php\/wp-json\/wp\/v2\/pages\/1784","targetHints":{"allow":["GET"]}}],"collection":[{"href":"https:\/\/izeaactive.com\/index.php\/wp-json\/wp\/v2\/pages"}],"about":[{"href":"https:\/\/izeaactive.com\/index.php\/wp-json\/wp\/v2\/types\/page"}],"author":[{"embeddable":true,"href":"https:\/\/izeaactive.com\/index.php\/wp-json\/wp\/v2\/users\/1"}],"replies":[{"embeddable":true,"href":"https:\/\/izeaactive.com\/index.php\/wp-json\/wp\/v2\/comments?post=1784"}],"version-history":[{"count":4,"href":"https:\/\/izeaactive.com\/index.php\/wp-json\/wp\/v2\/pages\/1784\/revisions"}],"predecessor-version":[{"id":1788,"href":"https:\/\/izeaactive.com\/index.php\/wp-json\/wp\/v2\/pages\/1784\/revisions\/1788"}],"wp:attachment":[{"href":"https:\/\/izeaactive.com\/index.php\/wp-json\/wp\/v2\/media?parent=1784"}],"curies":[{"name":"wp","href":"https:\/\/api.w.org\/{rel}","templated":true}]}}